{"id":79,"date":"2020-10-11T17:19:51","date_gmt":"2020-10-11T17:19:51","guid":{"rendered":"https:\/\/faszination-mantrailing.com\/?page_id=79"},"modified":"2020-10-11T17:32:56","modified_gmt":"2020-10-11T17:32:56","slug":"impressum","status":"publish","type":"page","link":"https:\/\/faszination-mantrailing.com\/?page_id=79","title":{"rendered":"Impressum"},"content":{"rendered":"\n<p>Impressum<br>Angaben gem\u00e4\u00df \u00a7 5 TMG<br>Jenny F\u00fcchsel<br>Am Stegenfeld 7<br>85414 Kirchdorf a. d. Amper<br>Kontakt<br>Telefon: +49 8166 6949784<br>E-Mail: email@jennyfuechsel.com<br>Verantwortlich f\u00fcr den Inhalt nach \u00a7 55 Abs. 2 RStV<br>Jenny F\u00fcchsel<br>Am Stegenfeld 7<br>85414 Kirchdorf a. d. Amper<br>Haftung f\u00fcr Inhalte<br>Als Diensteanbieter sind wir gem\u00e4\u00df \u00a7 7 Abs.1 TMG f\u00fcr eigene Inhalte auf diesen Seiten nach den<br>allgemeinen Gesetzen verantwortlich. Nach \u00a7\u00a7 8 bis 10 TMG sind wir als Diensteanbieter jedoch nicht<br>verpflichtet, \u00fcbermittelte oder gespeicherte fremde Informationen zu \u00fcberwachen oder nach Umst\u00e4nden zu<br>forschen, die auf eine rechtswidrige T\u00e4tigkeit hinweisen.<br>Verpflichtungen zur Entfernung oder Sperrung der Nutzung von Informationen nach den allgemeinen<br>Gesetzen bleiben hiervon unber\u00fchrt. Eine diesbez\u00fcgliche Haftung ist jedoch erst ab dem Zeitpunkt der<br>Kenntnis einer konkreten Rechtsverletzung m\u00f6glich. Bei Bekanntwerden von entsprechenden<br>Rechtsverletzungen werden wir diese Inhalte umgehend entfernen.<br>Haftung f\u00fcr Links<br>Unser Angebot enth\u00e4lt Links zu externen Websites Dritter, auf deren Inhalte wir keinen Einfluss haben.<br>Deshalb k\u00f6nnen wir f\u00fcr diese fremden Inhalte auch keine Gew\u00e4hr \u00fcbernehmen. F\u00fcr die Inhalte der<br>verlinkten Seiten ist stets der jeweilige Anbieter oder Betreiber der Seiten verantwortlich. Die verlinkten<br>Seiten wurden zum Zeitpunkt der Verlinkung auf m\u00f6gliche Rechtsverst\u00f6\u00dfe \u00fcberpr\u00fcft. Rechtswidrige Inhalte<br>waren zum Zeitpunkt der Verlinkung nicht erkennbar.<br>Eine permanente inhaltliche Kontrolle der verlinkten Seiten ist jedoch ohne konkrete Anhaltspunkte einer<br>Rechtsverletzung nicht zumutbar. Bei Bekanntwerden von Rechtsverletzungen werden wir derartige Links<br>umgehend entfernen.<br>Urheberrecht<br>Die durch die Seitenbetreiber erstellten Inhalte und Werke auf diesen Seiten unterliegen dem deutschen<br>Urheberrecht. Die Vervielf\u00e4ltigung, Bearbeitung, Verbreitung und jede Art der Verwertung au\u00dferhalb der<br>Grenzen des Urheberrechtes bed\u00fcrfen der schriftlichen Zustimmung des jeweiligen Autors bzw. Erstellers.<br>Downloads und Kopien dieser Seite sind nur f\u00fcr den privaten, nicht kommerziellen Gebrauch gestattet.<br>Soweit die Inhalte auf dieser Seite nicht vom Betreiber erstellt wurden, werden die Urheberrechte Dritter<br>beachtet. Insbesondere werden Inhalte Dritter als solche gekennzeichnet. Sollten Sie trotzdem auf eine<br>Urheberrechtsverletzung aufmerksam werden, bitten wir um einen entsprechenden Hinweis. Bei<br>Bekanntwerden von Rechtsverletzungen werden wir derartige Inhalte umgehend entfernen.<\/p>\n","protected":false},"excerpt":{"rendered":"<p>ImpressumAngaben gem\u00e4\u00df \u00a7 5 TMGJenny F\u00fcchselAm Stegenfeld 785414 Kirchdorf a. d. AmperKontaktTelefon: +49 8166 6949784E-Mail: email@jennyfuechsel.comVerantwortlich f\u00fcr den Inhalt nach \u00a7 55 Abs. 2 RStVJenny&#8230;<\/p>\n","protected":false},"author":1,"featured_media":0,"parent":0,"menu_order":0,"comment_status":"closed","ping_status":"closed","template":"","meta":{"footnotes":""},"class_list":["post-79","page","type-page","status-publish","hentry"],"yoast_head":"<!-- This site is optimized with the Yoast SEO plugin v27.4 - https:\/\/yoast.com\/product\/yoast-seo-wordpress\/ -->\n<title>Impressum - Faszination Mantrailing<\/title>\n<meta name=\"robots\" content=\"index, follow, max-snippet:-1, max-image-preview:large, max-video-preview:-1\" \/>\n<link rel=\"canonical\" href=\"https:\/\/faszination-mantrailing.com\/?page_id=79\" \/>\n<meta property=\"og:locale\" content=\"de_DE\" \/>\n<meta property=\"og:type\" content=\"article\" \/>\n<meta property=\"og:title\" content=\"Impressum - Faszination Mantrailing\" \/>\n<meta property=\"og:description\" content=\"ImpressumAngaben gem\u00e4\u00df \u00a7 5 TMGJenny F\u00fcchselAm Stegenfeld 785414 Kirchdorf a. d. AmperKontaktTelefon: +49 8166 6949784E-Mail: email@jennyfuechsel.comVerantwortlich f\u00fcr den Inhalt nach \u00a7 55 Abs. 2 RStVJenny...\" \/>\n<meta property=\"og:url\" content=\"https:\/\/faszination-mantrailing.com\/?page_id=79\" \/>\n<meta property=\"og:site_name\" content=\"Faszination Mantrailing\" \/>\n<meta property=\"article:modified_time\" content=\"2020-10-11T17:32:56+00:00\" \/>\n<meta name=\"twitter:card\" content=\"summary_large_image\" \/>\n<meta name=\"twitter:label1\" content=\"Gesch\u00e4tzte Lesezeit\" \/>\n\t<meta name=\"twitter:data1\" content=\"2\u00a0Minuten\" \/>\n<script type=\"application\/ld+json\" class=\"yoast-schema-graph\">{\"@context\":\"https:\\\/\\\/schema.org\",\"@graph\":[{\"@type\":\"WebPage\",\"@id\":\"https:\\\/\\\/faszination-mantrailing.com\\\/?page_id=79\",\"url\":\"https:\\\/\\\/faszination-mantrailing.com\\\/?page_id=79\",\"name\":\"Impressum - Faszination Mantrailing\",\"isPartOf\":{\"@id\":\"https:\\\/\\\/faszination-mantrailing.com\\\/#website\"},\"datePublished\":\"2020-10-11T17:19:51+00:00\",\"dateModified\":\"2020-10-11T17:32:56+00:00\",\"breadcrumb\":{\"@id\":\"https:\\\/\\\/faszination-mantrailing.com\\\/?page_id=79#breadcrumb\"},\"inLanguage\":\"de\",\"potentialAction\":[{\"@type\":\"ReadAction\",\"target\":[\"https:\\\/\\\/faszination-mantrailing.com\\\/?page_id=79\"]}]},{\"@type\":\"BreadcrumbList\",\"@id\":\"https:\\\/\\\/faszination-mantrailing.com\\\/?page_id=79#breadcrumb\",\"itemListElement\":[{\"@type\":\"ListItem\",\"position\":1,\"name\":\"Startseite\",\"item\":\"https:\\\/\\\/faszination-mantrailing.com\\\/\"},{\"@type\":\"ListItem\",\"position\":2,\"name\":\"Impressum\"}]},{\"@type\":\"WebSite\",\"@id\":\"https:\\\/\\\/faszination-mantrailing.com\\\/#website\",\"url\":\"https:\\\/\\\/faszination-mantrailing.com\\\/\",\"name\":\"Faszination Mantrailing\",\"description\":\"Geschichten aus der Welt der Supernasen\",\"publisher\":{\"@id\":\"https:\\\/\\\/faszination-mantrailing.com\\\/#\\\/schema\\\/person\\\/9a97e0e5ab0fd030bc515f7b150e2b9c\"},\"potentialAction\":[{\"@type\":\"SearchAction\",\"target\":{\"@type\":\"EntryPoint\",\"urlTemplate\":\"https:\\\/\\\/faszination-mantrailing.com\\\/?s={search_term_string}\"},\"query-input\":{\"@type\":\"PropertyValueSpecification\",\"valueRequired\":true,\"valueName\":\"search_term_string\"}}],\"inLanguage\":\"de\"},{\"@type\":[\"Person\",\"Organization\"],\"@id\":\"https:\\\/\\\/faszination-mantrailing.com\\\/#\\\/schema\\\/person\\\/9a97e0e5ab0fd030bc515f7b150e2b9c\",\"name\":\"Jennyfu13\",\"image\":{\"@type\":\"ImageObject\",\"inLanguage\":\"de\",\"@id\":\"https:\\\/\\\/secure.gravatar.com\\\/avatar\\\/6705d246708e0e0fcb52a939f222d5fcf33c7c73489e3de85a09464ba4502b7a?s=96&d=mm&r=g\",\"url\":\"https:\\\/\\\/secure.gravatar.com\\\/avatar\\\/6705d246708e0e0fcb52a939f222d5fcf33c7c73489e3de85a09464ba4502b7a?s=96&d=mm&r=g\",\"contentUrl\":\"https:\\\/\\\/secure.gravatar.com\\\/avatar\\\/6705d246708e0e0fcb52a939f222d5fcf33c7c73489e3de85a09464ba4502b7a?s=96&d=mm&r=g\",\"caption\":\"Jennyfu13\"},\"logo\":{\"@id\":\"https:\\\/\\\/secure.gravatar.com\\\/avatar\\\/6705d246708e0e0fcb52a939f222d5fcf33c7c73489e3de85a09464ba4502b7a?s=96&d=mm&r=g\"},\"sameAs\":[\"https:\\\/\\\/faszination-mantrailing.com\"]}]}<\/script>\n<!-- \/ Yoast SEO plugin. -->","yoast_head_json":{"title":"Impressum - Faszination Mantrailing","robots":{"index":"index","follow":"follow","max-snippet":"max-snippet:-1","max-image-preview":"max-image-preview:large","max-video-preview":"max-video-preview:-1"},"canonical":"https:\/\/faszination-mantrailing.com\/?page_id=79","og_locale":"de_DE","og_type":"article","og_title":"Impressum - Faszination Mantrailing","og_description":"ImpressumAngaben gem\u00e4\u00df \u00a7 5 TMGJenny F\u00fcchselAm Stegenfeld 785414 Kirchdorf a. d. AmperKontaktTelefon: +49 8166 6949784E-Mail: email@jennyfuechsel.comVerantwortlich f\u00fcr den Inhalt nach \u00a7 55 Abs. 2 RStVJenny...","og_url":"https:\/\/faszination-mantrailing.com\/?page_id=79","og_site_name":"Faszination Mantrailing","article_modified_time":"2020-10-11T17:32:56+00:00","twitter_card":"summary_large_image","twitter_misc":{"Gesch\u00e4tzte Lesezeit":"2\u00a0Minuten"},"schema":{"@context":"https:\/\/schema.org","@graph":[{"@type":"WebPage","@id":"https:\/\/faszination-mantrailing.com\/?page_id=79","url":"https:\/\/faszination-mantrailing.com\/?page_id=79","name":"Impressum - Faszination Mantrailing","isPartOf":{"@id":"https:\/\/faszination-mantrailing.com\/#website"},"datePublished":"2020-10-11T17:19:51+00:00","dateModified":"2020-10-11T17:32:56+00:00","breadcrumb":{"@id":"https:\/\/faszination-mantrailing.com\/?page_id=79#breadcrumb"},"inLanguage":"de","potentialAction":[{"@type":"ReadAction","target":["https:\/\/faszination-mantrailing.com\/?page_id=79"]}]},{"@type":"BreadcrumbList","@id":"https:\/\/faszination-mantrailing.com\/?page_id=79#breadcrumb","itemListElement":[{"@type":"ListItem","position":1,"name":"Startseite","item":"https:\/\/faszination-mantrailing.com\/"},{"@type":"ListItem","position":2,"name":"Impressum"}]},{"@type":"WebSite","@id":"https:\/\/faszination-mantrailing.com\/#website","url":"https:\/\/faszination-mantrailing.com\/","name":"Faszination Mantrailing","description":"Geschichten aus der Welt der Supernasen","publisher":{"@id":"https:\/\/faszination-mantrailing.com\/#\/schema\/person\/9a97e0e5ab0fd030bc515f7b150e2b9c"},"potentialAction":[{"@type":"SearchAction","target":{"@type":"EntryPoint","urlTemplate":"https:\/\/faszination-mantrailing.com\/?s={search_term_string}"},"query-input":{"@type":"PropertyValueSpecification","valueRequired":true,"valueName":"search_term_string"}}],"inLanguage":"de"},{"@type":["Person","Organization"],"@id":"https:\/\/faszination-mantrailing.com\/#\/schema\/person\/9a97e0e5ab0fd030bc515f7b150e2b9c","name":"Jennyfu13","image":{"@type":"ImageObject","inLanguage":"de","@id":"https:\/\/secure.gravatar.com\/avatar\/6705d246708e0e0fcb52a939f222d5fcf33c7c73489e3de85a09464ba4502b7a?s=96&d=mm&r=g","url":"https:\/\/secure.gravatar.com\/avatar\/6705d246708e0e0fcb52a939f222d5fcf33c7c73489e3de85a09464ba4502b7a?s=96&d=mm&r=g","contentUrl":"https:\/\/secure.gravatar.com\/avatar\/6705d246708e0e0fcb52a939f222d5fcf33c7c73489e3de85a09464ba4502b7a?s=96&d=mm&r=g","caption":"Jennyfu13"},"logo":{"@id":"https:\/\/secure.gravatar.com\/avatar\/6705d246708e0e0fcb52a939f222d5fcf33c7c73489e3de85a09464ba4502b7a?s=96&d=mm&r=g"},"sameAs":["https:\/\/faszination-mantrailing.com"]}]}},"_links":{"self":[{"href":"https:\/\/faszination-mantrailing.com\/index.php?rest_route=\/wp\/v2\/pages\/79","targetHints":{"allow":["GET"]}}],"collection":[{"href":"https:\/\/faszination-mantrailing.com\/index.php?rest_route=\/wp\/v2\/pages"}],"about":[{"href":"https:\/\/faszination-mantrailing.com\/index.php?rest_route=\/wp\/v2\/types\/page"}],"author":[{"embeddable":true,"href":"https:\/\/faszination-mantrailing.com\/index.php?rest_route=\/wp\/v2\/users\/1"}],"replies":[{"embeddable":true,"href":"https:\/\/faszination-mantrailing.com\/index.php?rest_route=%2Fwp%2Fv2%2Fcomments&post=79"}],"version-history":[{"count":2,"href":"https:\/\/faszination-mantrailing.com\/index.php?rest_route=\/wp\/v2\/pages\/79\/revisions"}],"predecessor-version":[{"id":91,"href":"https:\/\/faszination-mantrailing.com\/index.php?rest_route=\/wp\/v2\/pages\/79\/revisions\/91"}],"wp:attachment":[{"href":"https:\/\/faszination-mantrailing.com\/index.php?rest_route=%2Fwp%2Fv2%2Fmedia&parent=79"}],"curies":[{"name":"wp","href":"https:\/\/api.w.org\/{rel}","templated":true}]}}