{"id":39,"date":"2020-10-10T17:03:54","date_gmt":"2020-10-10T17:03:54","guid":{"rendered":"https:\/\/faszinationmantrailing.live-website.com\/?page_id=39"},"modified":"2020-10-11T12:16:07","modified_gmt":"2020-10-11T12:16:07","slug":"das-sind-wir","status":"publish","type":"page","link":"https:\/\/faszination-mantrailing.com\/?page_id=39","title":{"rendered":"Das sind wir"},"content":{"rendered":"\n<div class=\"wp-block-image is-style-default\"><figure class=\"aligncenter size-large is-resized\"><img decoding=\"async\" src=\"https:\/\/faszination-mantrailing.com\/wp-content\/uploads\/2020\/10\/1R1B7335-edited-scaled.jpg\" alt=\"\" class=\"wp-image-63\" width=\"719\" height=\"449.375\" srcset=\"https:\/\/faszination-mantrailing.com\/wp-content\/uploads\/2020\/10\/1R1B7335-edited-scaled.jpg 2560w, https:\/\/faszination-mantrailing.com\/wp-content\/uploads\/2020\/10\/1R1B7335-edited-300x188.jpg 300w, https:\/\/faszination-mantrailing.com\/wp-content\/uploads\/2020\/10\/1R1B7335-edited-1024x641.jpg 1024w, https:\/\/faszination-mantrailing.com\/wp-content\/uploads\/2020\/10\/1R1B7335-edited-768x480.jpg 768w, https:\/\/faszination-mantrailing.com\/wp-content\/uploads\/2020\/10\/1R1B7335-edited-1536x961.jpg 1536w, https:\/\/faszination-mantrailing.com\/wp-content\/uploads\/2020\/10\/1R1B7335-edited-2048x1281.jpg 2048w\" sizes=\"(max-width: 2560px) 100vw, 2560px\" \/><\/figure><\/div>\n\n\n\n<p id=\"block-8c1c011f-52f1-41e6-a6c2-f4c96fc65ea1\">Hi! Sch\u00f6n, dass ihr vorbei schaut!<\/p>\n\n\n\n<p id=\"block-529e3479-0d58-4903-8210-18ff360a0189\">Ich bin Jenny, und ich bin mit meiner Vizsla-H\u00fcndin &#8222;Romy&#8220; seit 2018 ein Team- wir gehen gemeinsam durch dick und d\u00fcnn, im Privaten wie im Mantrailing. Wir sind gepr\u00fcftes Einsatzteam in einer Suchhundestaffel, und ich m\u00f6chte euch hier auf dieser Seite Geschichten aus meiner Arbeit mit den Sp\u00fcrnasen erz\u00e4hlen.<\/p>\n\n\n\n<p id=\"block-1832f2b6-913d-4788-888e-402fe3bc19f7\">Als die kleine Maus bei uns einzog, habe ich mich nat\u00fcrlich ausgiebig \u00fcber Besch\u00e4ftigungsm\u00f6glichkeiten f\u00fcr Hunde informiert- und bin so zum Mantrailing gekommen. Begonnen hat alles als &#8222;Hobby&#8220; mit einem Kurs, der von einer Hundeschule angeboten wurde. Je l\u00e4nger wir dabei waren, desto mehr Spa\u00df hatten wir beide daran. F\u00fcr mich war relativ schnell klar, dass ich tiefer in das Suchhunde- Universum eintauchen wollte und begann nach einem Grundseminar bei einem erfahrenen Mantrailing- Experten richtig Blut zu lecken. Ab diesem Zeitpunkt wollte ich einfach ALLES dar\u00fcber wissen- ich habe B\u00fccher gelesen, Seminare besucht, und sehr viele Menschen L\u00f6cher in den Bauch gefragt \ud83d\ude42<\/p>\n\n\n\n<p id=\"block-c01ecd3f-63fe-44c2-8027-4c48249d4778\">Mittlerweile bin ich Mantrailing-Trainerin und f\u00fchre eine eigene Staffel. Ich liebe es, mit den Hunden drau\u00dfen zu trainieren, die Fortschritte zu beobachten, an Problematiken zu arbeiten, Erfolge zu feiern, und Misserfolge aufzuarbeiten.<\/p>\n\n\n\n<p id=\"block-909fbd42-4785-45d4-9155-f5626caf98a8\">Mit diesem Blog m\u00f6chte ich Menschen erreichen, die ebenso wie ich f\u00fcr die Suchhundearbeit brennen. Ich berichte aus meinen Beobachtungen und Erfahrungen, die ich sammle- aber auch \u00fcber Problematiken, die mir begegnen. Viel Spa\u00df beim Schm\u00f6kern!<\/p>\n","protected":false},"excerpt":{"rendered":"<p>Hi! Sch\u00f6n, dass ihr vorbei schaut! Ich bin Jenny, und ich bin mit meiner Vizsla-H\u00fcndin &#8222;Romy&#8220; seit 2018 ein Team- wir gehen gemeinsam durch dick&#8230;<\/p>\n","protected":false},"author":1,"featured_media":5,"parent":0,"menu_order":0,"comment_status":"closed","ping_status":"closed","template":"","meta":{"footnotes":""},"class_list":["post-39","page","type-page","status-publish","has-post-thumbnail","hentry","yosemite-has-thumbnail"],"yoast_head":"<!-- This site is optimized with the Yoast SEO plugin v27.5 - https:\/\/yoast.com\/product\/yoast-seo-wordpress\/ -->\n<title>Das sind wir - Faszination Mantrailing<\/title>\n<meta name=\"robots\" content=\"index, follow, max-snippet:-1, max-image-preview:large, max-video-preview:-1\" \/>\n<link rel=\"canonical\" href=\"https:\/\/faszination-mantrailing.com\/?page_id=39\" \/>\n<meta property=\"og:locale\" content=\"de_DE\" \/>\n<meta property=\"og:type\" content=\"article\" \/>\n<meta property=\"og:title\" content=\"Das sind wir - Faszination Mantrailing\" \/>\n<meta property=\"og:description\" content=\"Hi! Sch\u00f6n, dass ihr vorbei schaut! Ich bin Jenny, und ich bin mit meiner Vizsla-H\u00fcndin &#8222;Romy&#8220; seit 2018 ein Team- wir gehen gemeinsam durch dick...\" \/>\n<meta property=\"og:url\" content=\"https:\/\/faszination-mantrailing.com\/?page_id=39\" \/>\n<meta property=\"og:site_name\" content=\"Faszination Mantrailing\" \/>\n<meta property=\"article:modified_time\" content=\"2020-10-11T12:16:07+00:00\" \/>\n<meta property=\"og:image\" content=\"https:\/\/faszination-mantrailing.com\/wp-content\/uploads\/2020\/10\/1R1B7335-scaled.jpg\" \/>\n\t<meta property=\"og:image:width\" content=\"1707\" \/>\n\t<meta property=\"og:image:height\" content=\"2560\" \/>\n\t<meta property=\"og:image:type\" content=\"image\/jpeg\" \/>\n<meta name=\"twitter:card\" content=\"summary_large_image\" \/>\n<meta name=\"twitter:label1\" content=\"Gesch\u00e4tzte Lesezeit\" \/>\n\t<meta name=\"twitter:data1\" content=\"1\u00a0Minute\" \/>\n<script type=\"application\/ld+json\" class=\"yoast-schema-graph\">{\"@context\":\"https:\\\/\\\/schema.org\",\"@graph\":[{\"@type\":\"WebPage\",\"@id\":\"https:\\\/\\\/faszination-mantrailing.com\\\/?page_id=39\",\"url\":\"https:\\\/\\\/faszination-mantrailing.com\\\/?page_id=39\",\"name\":\"Das sind wir - Faszination Mantrailing\",\"isPartOf\":{\"@id\":\"https:\\\/\\\/faszination-mantrailing.com\\\/#website\"},\"primaryImageOfPage\":{\"@id\":\"https:\\\/\\\/faszination-mantrailing.com\\\/?page_id=39#primaryimage\"},\"image\":{\"@id\":\"https:\\\/\\\/faszination-mantrailing.com\\\/?page_id=39#primaryimage\"},\"thumbnailUrl\":\"https:\\\/\\\/faszination-mantrailing.com\\\/wp-content\\\/uploads\\\/2020\\\/10\\\/1R1B7335-scaled.jpg\",\"datePublished\":\"2020-10-10T17:03:54+00:00\",\"dateModified\":\"2020-10-11T12:16:07+00:00\",\"breadcrumb\":{\"@id\":\"https:\\\/\\\/faszination-mantrailing.com\\\/?page_id=39#breadcrumb\"},\"inLanguage\":\"de\",\"potentialAction\":[{\"@type\":\"ReadAction\",\"target\":[\"https:\\\/\\\/faszination-mantrailing.com\\\/?page_id=39\"]}]},{\"@type\":\"ImageObject\",\"inLanguage\":\"de\",\"@id\":\"https:\\\/\\\/faszination-mantrailing.com\\\/?page_id=39#primaryimage\",\"url\":\"https:\\\/\\\/faszination-mantrailing.com\\\/wp-content\\\/uploads\\\/2020\\\/10\\\/1R1B7335-scaled.jpg\",\"contentUrl\":\"https:\\\/\\\/faszination-mantrailing.com\\\/wp-content\\\/uploads\\\/2020\\\/10\\\/1R1B7335-scaled.jpg\",\"width\":1707,\"height\":2560},{\"@type\":\"BreadcrumbList\",\"@id\":\"https:\\\/\\\/faszination-mantrailing.com\\\/?page_id=39#breadcrumb\",\"itemListElement\":[{\"@type\":\"ListItem\",\"position\":1,\"name\":\"Startseite\",\"item\":\"https:\\\/\\\/faszination-mantrailing.com\\\/\"},{\"@type\":\"ListItem\",\"position\":2,\"name\":\"Das sind wir\"}]},{\"@type\":\"WebSite\",\"@id\":\"https:\\\/\\\/faszination-mantrailing.com\\\/#website\",\"url\":\"https:\\\/\\\/faszination-mantrailing.com\\\/\",\"name\":\"Faszination Mantrailing\",\"description\":\"Geschichten aus der Welt der Supernasen\",\"publisher\":{\"@id\":\"https:\\\/\\\/faszination-mantrailing.com\\\/#\\\/schema\\\/person\\\/9a97e0e5ab0fd030bc515f7b150e2b9c\"},\"potentialAction\":[{\"@type\":\"SearchAction\",\"target\":{\"@type\":\"EntryPoint\",\"urlTemplate\":\"https:\\\/\\\/faszination-mantrailing.com\\\/?s={search_term_string}\"},\"query-input\":{\"@type\":\"PropertyValueSpecification\",\"valueRequired\":true,\"valueName\":\"search_term_string\"}}],\"inLanguage\":\"de\"},{\"@type\":[\"Person\",\"Organization\"],\"@id\":\"https:\\\/\\\/faszination-mantrailing.com\\\/#\\\/schema\\\/person\\\/9a97e0e5ab0fd030bc515f7b150e2b9c\",\"name\":\"Jennyfu13\",\"image\":{\"@type\":\"ImageObject\",\"inLanguage\":\"de\",\"@id\":\"https:\\\/\\\/secure.gravatar.com\\\/avatar\\\/6705d246708e0e0fcb52a939f222d5fcf33c7c73489e3de85a09464ba4502b7a?s=96&d=mm&r=g\",\"url\":\"https:\\\/\\\/secure.gravatar.com\\\/avatar\\\/6705d246708e0e0fcb52a939f222d5fcf33c7c73489e3de85a09464ba4502b7a?s=96&d=mm&r=g\",\"contentUrl\":\"https:\\\/\\\/secure.gravatar.com\\\/avatar\\\/6705d246708e0e0fcb52a939f222d5fcf33c7c73489e3de85a09464ba4502b7a?s=96&d=mm&r=g\",\"caption\":\"Jennyfu13\"},\"logo\":{\"@id\":\"https:\\\/\\\/secure.gravatar.com\\\/avatar\\\/6705d246708e0e0fcb52a939f222d5fcf33c7c73489e3de85a09464ba4502b7a?s=96&d=mm&r=g\"},\"sameAs\":[\"https:\\\/\\\/faszination-mantrailing.com\"]}]}<\/script>\n<!-- \/ Yoast SEO plugin. -->","yoast_head_json":{"title":"Das sind wir - Faszination Mantrailing","robots":{"index":"index","follow":"follow","max-snippet":"max-snippet:-1","max-image-preview":"max-image-preview:large","max-video-preview":"max-video-preview:-1"},"canonical":"https:\/\/faszination-mantrailing.com\/?page_id=39","og_locale":"de_DE","og_type":"article","og_title":"Das sind wir - Faszination Mantrailing","og_description":"Hi! Sch\u00f6n, dass ihr vorbei schaut! Ich bin Jenny, und ich bin mit meiner Vizsla-H\u00fcndin &#8222;Romy&#8220; seit 2018 ein Team- wir gehen gemeinsam durch dick...","og_url":"https:\/\/faszination-mantrailing.com\/?page_id=39","og_site_name":"Faszination Mantrailing","article_modified_time":"2020-10-11T12:16:07+00:00","og_image":[{"width":1707,"height":2560,"url":"https:\/\/faszination-mantrailing.com\/wp-content\/uploads\/2020\/10\/1R1B7335-scaled.jpg","type":"image\/jpeg"}],"twitter_card":"summary_large_image","twitter_misc":{"Gesch\u00e4tzte Lesezeit":"1\u00a0Minute"},"schema":{"@context":"https:\/\/schema.org","@graph":[{"@type":"WebPage","@id":"https:\/\/faszination-mantrailing.com\/?page_id=39","url":"https:\/\/faszination-mantrailing.com\/?page_id=39","name":"Das sind wir - Faszination Mantrailing","isPartOf":{"@id":"https:\/\/faszination-mantrailing.com\/#website"},"primaryImageOfPage":{"@id":"https:\/\/faszination-mantrailing.com\/?page_id=39#primaryimage"},"image":{"@id":"https:\/\/faszination-mantrailing.com\/?page_id=39#primaryimage"},"thumbnailUrl":"https:\/\/faszination-mantrailing.com\/wp-content\/uploads\/2020\/10\/1R1B7335-scaled.jpg","datePublished":"2020-10-10T17:03:54+00:00","dateModified":"2020-10-11T12:16:07+00:00","breadcrumb":{"@id":"https:\/\/faszination-mantrailing.com\/?page_id=39#breadcrumb"},"inLanguage":"de","potentialAction":[{"@type":"ReadAction","target":["https:\/\/faszination-mantrailing.com\/?page_id=39"]}]},{"@type":"ImageObject","inLanguage":"de","@id":"https:\/\/faszination-mantrailing.com\/?page_id=39#primaryimage","url":"https:\/\/faszination-mantrailing.com\/wp-content\/uploads\/2020\/10\/1R1B7335-scaled.jpg","contentUrl":"https:\/\/faszination-mantrailing.com\/wp-content\/uploads\/2020\/10\/1R1B7335-scaled.jpg","width":1707,"height":2560},{"@type":"BreadcrumbList","@id":"https:\/\/faszination-mantrailing.com\/?page_id=39#breadcrumb","itemListElement":[{"@type":"ListItem","position":1,"name":"Startseite","item":"https:\/\/faszination-mantrailing.com\/"},{"@type":"ListItem","position":2,"name":"Das sind wir"}]},{"@type":"WebSite","@id":"https:\/\/faszination-mantrailing.com\/#website","url":"https:\/\/faszination-mantrailing.com\/","name":"Faszination Mantrailing","description":"Geschichten aus der Welt der Supernasen","publisher":{"@id":"https:\/\/faszination-mantrailing.com\/#\/schema\/person\/9a97e0e5ab0fd030bc515f7b150e2b9c"},"potentialAction":[{"@type":"SearchAction","target":{"@type":"EntryPoint","urlTemplate":"https:\/\/faszination-mantrailing.com\/?s={search_term_string}"},"query-input":{"@type":"PropertyValueSpecification","valueRequired":true,"valueName":"search_term_string"}}],"inLanguage":"de"},{"@type":["Person","Organization"],"@id":"https:\/\/faszination-mantrailing.com\/#\/schema\/person\/9a97e0e5ab0fd030bc515f7b150e2b9c","name":"Jennyfu13","image":{"@type":"ImageObject","inLanguage":"de","@id":"https:\/\/secure.gravatar.com\/avatar\/6705d246708e0e0fcb52a939f222d5fcf33c7c73489e3de85a09464ba4502b7a?s=96&d=mm&r=g","url":"https:\/\/secure.gravatar.com\/avatar\/6705d246708e0e0fcb52a939f222d5fcf33c7c73489e3de85a09464ba4502b7a?s=96&d=mm&r=g","contentUrl":"https:\/\/secure.gravatar.com\/avatar\/6705d246708e0e0fcb52a939f222d5fcf33c7c73489e3de85a09464ba4502b7a?s=96&d=mm&r=g","caption":"Jennyfu13"},"logo":{"@id":"https:\/\/secure.gravatar.com\/avatar\/6705d246708e0e0fcb52a939f222d5fcf33c7c73489e3de85a09464ba4502b7a?s=96&d=mm&r=g"},"sameAs":["https:\/\/faszination-mantrailing.com"]}]}},"_links":{"self":[{"href":"https:\/\/faszination-mantrailing.com\/index.php?rest_route=\/wp\/v2\/pages\/39","targetHints":{"allow":["GET"]}}],"collection":[{"href":"https:\/\/faszination-mantrailing.com\/index.php?rest_route=\/wp\/v2\/pages"}],"about":[{"href":"https:\/\/faszination-mantrailing.com\/index.php?rest_route=\/wp\/v2\/types\/page"}],"author":[{"embeddable":true,"href":"https:\/\/faszination-mantrailing.com\/index.php?rest_route=\/wp\/v2\/users\/1"}],"replies":[{"embeddable":true,"href":"https:\/\/faszination-mantrailing.com\/index.php?rest_route=%2Fwp%2Fv2%2Fcomments&post=39"}],"version-history":[{"count":11,"href":"https:\/\/faszination-mantrailing.com\/index.php?rest_route=\/wp\/v2\/pages\/39\/revisions"}],"predecessor-version":[{"id":71,"href":"https:\/\/faszination-mantrailing.com\/index.php?rest_route=\/wp\/v2\/pages\/39\/revisions\/71"}],"wp:featuredmedia":[{"embeddable":true,"href":"https:\/\/faszination-mantrailing.com\/index.php?rest_route=\/wp\/v2\/media\/5"}],"wp:attachment":[{"href":"https:\/\/faszination-mantrailing.com\/index.php?rest_route=%2Fwp%2Fv2%2Fmedia&parent=39"}],"curies":[{"name":"wp","href":"https:\/\/api.w.org\/{rel}","templated":true}]}}