{"id":16,"date":"2020-10-10T16:47:43","date_gmt":"2020-10-10T16:47:43","guid":{"rendered":"https:\/\/faszinationmantrailing.live-website.com\/?page_id=16"},"modified":"2020-10-11T19:03:05","modified_gmt":"2020-10-11T19:03:05","slug":"was-ist-mantrailing","status":"publish","type":"page","link":"https:\/\/faszination-mantrailing.com\/?page_id=16","title":{"rendered":"Was ist Mantrailing?"},"content":{"rendered":"\n<div class=\"wp-block-image is-style-default\"><figure class=\"aligncenter size-large is-resized\"><img loading=\"lazy\" decoding=\"async\" src=\"https:\/\/faszination-mantrailing.com\/wp-content\/uploads\/2020\/10\/Romy-edited-1.jpg\" alt=\"\" class=\"wp-image-53\" width=\"524\" height=\"295\" srcset=\"https:\/\/faszination-mantrailing.com\/wp-content\/uploads\/2020\/10\/Romy-edited-1.jpg 720w, https:\/\/faszination-mantrailing.com\/wp-content\/uploads\/2020\/10\/Romy-edited-1-300x169.jpg 300w\" sizes=\"auto, (max-width: 524px) 100vw, 524px\" \/><\/figure><\/div>\n\n\n\n<p class=\"has-text-align-left\">Mantrailing kommt aus dem Amerikanischen und bedeutet so viel wie &#8222;Mensch verfolgen&#8220;. Der Hund bekommt einen Geruchsvorhalt der vermissten Person, und verfolgt deren individuelle Geruchsspur, den sogenannten &#8222;Trail&#8220;, \u00fcber lange Strecken. Mantrailing ist &#8222;Teamwork&#8220;- man kann nur dann erfolgreich sein, wenn man als Hundef\u00fchrer mit seinem Hund als eine Einheit verw\u00e4chst. Das bedarf jahrelanges, regelm\u00e4\u00dfiges Training.<\/p>\n\n\n\n<p>Gearbeitet wird mit einer 10 Meter Schleppleine. Die Leine ist die Verbindung zum Hund, man gibt ihm dadurch Sicherheit, sodass er frei arbeiten kann. Gleichzeitig sp\u00fcrt man \u00fcber die Leine auch Verhaltens\u00e4nderungen des Hundes. Sie ist die &#8222;Nabelschnur&#8220;.<\/p>\n\n\n\n<p>W\u00e4hrend Fl\u00e4chensuchhunde beispielsweise generell den Geruch &#8222;Mensch&#8220; verfolgen (es kann auch gut sein, dass der Fl\u00e4chensuchhund unbeteiligte Spazierg\u00e4nger &#8222;findet&#8220;), sucht der Personensp\u00fcrhund, der &#8222;Mantrailer&#8220;, nur diesen einen, ganz bestimmten Menschen, von dem er vorher eine Geruchsprobe bekommt. Er blendet alle anderen vorhandenen Ger\u00fcche aus, und kann deshalb auch z.B. in Fu\u00dfg\u00e4ngerzonen, wo sich sehr viele Menschen aufhalten, den Trail der vermissten Person verfolgen. <\/p>\n\n\n\n<p>Diese Art der Suche verlangt dem Hund H\u00f6chstleistungen an Ausdauer und Konzentration ab, denn er muss DEN EINEN Geruch unter 1000 anderen herausfiltern. Zeitgleich muss der Handler, also der Hundef\u00fchrer, verstehen, was der Hund ihm zeigt (z.B. Richtungswechsel). Aufgrund der Komplexit\u00e4t ist das Mantrailing f\u00fcr mich die K\u00f6nigsdisziplin unter der Rettungshundearbeit. <\/p>\n","protected":false},"excerpt":{"rendered":"<p>Mantrailing kommt aus dem Amerikanischen und bedeutet so viel wie &#8222;Mensch verfolgen&#8220;. Der Hund bekommt einen Geruchsvorhalt der vermissten Person, und verfolgt deren individuelle Geruchsspur,&#8230;<\/p>\n","protected":false},"author":1,"featured_media":8,"parent":0,"menu_order":0,"comment_status":"closed","ping_status":"closed","template":"","meta":{"footnotes":""},"class_list":["post-16","page","type-page","status-publish","has-post-thumbnail","hentry","yosemite-has-thumbnail"],"yoast_head":"<!-- This site is optimized with the Yoast SEO plugin v27.4 - https:\/\/yoast.com\/product\/yoast-seo-wordpress\/ -->\n<title>Was ist Mantrailing? - Faszination Mantrailing<\/title>\n<meta name=\"robots\" content=\"index, follow, max-snippet:-1, max-image-preview:large, max-video-preview:-1\" \/>\n<link rel=\"canonical\" href=\"https:\/\/faszination-mantrailing.com\/?page_id=16\" \/>\n<meta property=\"og:locale\" content=\"de_DE\" \/>\n<meta property=\"og:type\" content=\"article\" \/>\n<meta property=\"og:title\" content=\"Was ist Mantrailing? - Faszination Mantrailing\" \/>\n<meta property=\"og:description\" content=\"Mantrailing kommt aus dem Amerikanischen und bedeutet so viel wie &#8222;Mensch verfolgen&#8220;. Der Hund bekommt einen Geruchsvorhalt der vermissten Person, und verfolgt deren individuelle Geruchsspur,...\" \/>\n<meta property=\"og:url\" content=\"https:\/\/faszination-mantrailing.com\/?page_id=16\" \/>\n<meta property=\"og:site_name\" content=\"Faszination Mantrailing\" \/>\n<meta property=\"article:modified_time\" content=\"2020-10-11T19:03:05+00:00\" \/>\n<meta property=\"og:image\" content=\"https:\/\/faszination-mantrailing.com\/wp-content\/uploads\/2020\/10\/Romy.jpg\" \/>\n\t<meta property=\"og:image:width\" content=\"720\" \/>\n\t<meta property=\"og:image:height\" content=\"960\" \/>\n\t<meta property=\"og:image:type\" content=\"image\/jpeg\" \/>\n<meta name=\"twitter:card\" content=\"summary_large_image\" \/>\n<meta name=\"twitter:label1\" content=\"Gesch\u00e4tzte Lesezeit\" \/>\n\t<meta name=\"twitter:data1\" content=\"1\u00a0Minute\" \/>\n<script type=\"application\/ld+json\" class=\"yoast-schema-graph\">{\"@context\":\"https:\\\/\\\/schema.org\",\"@graph\":[{\"@type\":\"WebPage\",\"@id\":\"https:\\\/\\\/faszination-mantrailing.com\\\/?page_id=16\",\"url\":\"https:\\\/\\\/faszination-mantrailing.com\\\/?page_id=16\",\"name\":\"Was ist Mantrailing? - Faszination Mantrailing\",\"isPartOf\":{\"@id\":\"https:\\\/\\\/faszination-mantrailing.com\\\/#website\"},\"primaryImageOfPage\":{\"@id\":\"https:\\\/\\\/faszination-mantrailing.com\\\/?page_id=16#primaryimage\"},\"image\":{\"@id\":\"https:\\\/\\\/faszination-mantrailing.com\\\/?page_id=16#primaryimage\"},\"thumbnailUrl\":\"https:\\\/\\\/faszination-mantrailing.com\\\/wp-content\\\/uploads\\\/2020\\\/10\\\/Romy.jpg\",\"datePublished\":\"2020-10-10T16:47:43+00:00\",\"dateModified\":\"2020-10-11T19:03:05+00:00\",\"breadcrumb\":{\"@id\":\"https:\\\/\\\/faszination-mantrailing.com\\\/?page_id=16#breadcrumb\"},\"inLanguage\":\"de\",\"potentialAction\":[{\"@type\":\"ReadAction\",\"target\":[\"https:\\\/\\\/faszination-mantrailing.com\\\/?page_id=16\"]}]},{\"@type\":\"ImageObject\",\"inLanguage\":\"de\",\"@id\":\"https:\\\/\\\/faszination-mantrailing.com\\\/?page_id=16#primaryimage\",\"url\":\"https:\\\/\\\/faszination-mantrailing.com\\\/wp-content\\\/uploads\\\/2020\\\/10\\\/Romy.jpg\",\"contentUrl\":\"https:\\\/\\\/faszination-mantrailing.com\\\/wp-content\\\/uploads\\\/2020\\\/10\\\/Romy.jpg\",\"width\":720,\"height\":960},{\"@type\":\"BreadcrumbList\",\"@id\":\"https:\\\/\\\/faszination-mantrailing.com\\\/?page_id=16#breadcrumb\",\"itemListElement\":[{\"@type\":\"ListItem\",\"position\":1,\"name\":\"Startseite\",\"item\":\"https:\\\/\\\/faszination-mantrailing.com\\\/\"},{\"@type\":\"ListItem\",\"position\":2,\"name\":\"Was ist Mantrailing?\"}]},{\"@type\":\"WebSite\",\"@id\":\"https:\\\/\\\/faszination-mantrailing.com\\\/#website\",\"url\":\"https:\\\/\\\/faszination-mantrailing.com\\\/\",\"name\":\"Faszination Mantrailing\",\"description\":\"Geschichten aus der Welt der Supernasen\",\"publisher\":{\"@id\":\"https:\\\/\\\/faszination-mantrailing.com\\\/#\\\/schema\\\/person\\\/9a97e0e5ab0fd030bc515f7b150e2b9c\"},\"potentialAction\":[{\"@type\":\"SearchAction\",\"target\":{\"@type\":\"EntryPoint\",\"urlTemplate\":\"https:\\\/\\\/faszination-mantrailing.com\\\/?s={search_term_string}\"},\"query-input\":{\"@type\":\"PropertyValueSpecification\",\"valueRequired\":true,\"valueName\":\"search_term_string\"}}],\"inLanguage\":\"de\"},{\"@type\":[\"Person\",\"Organization\"],\"@id\":\"https:\\\/\\\/faszination-mantrailing.com\\\/#\\\/schema\\\/person\\\/9a97e0e5ab0fd030bc515f7b150e2b9c\",\"name\":\"Jennyfu13\",\"image\":{\"@type\":\"ImageObject\",\"inLanguage\":\"de\",\"@id\":\"https:\\\/\\\/secure.gravatar.com\\\/avatar\\\/6705d246708e0e0fcb52a939f222d5fcf33c7c73489e3de85a09464ba4502b7a?s=96&d=mm&r=g\",\"url\":\"https:\\\/\\\/secure.gravatar.com\\\/avatar\\\/6705d246708e0e0fcb52a939f222d5fcf33c7c73489e3de85a09464ba4502b7a?s=96&d=mm&r=g\",\"contentUrl\":\"https:\\\/\\\/secure.gravatar.com\\\/avatar\\\/6705d246708e0e0fcb52a939f222d5fcf33c7c73489e3de85a09464ba4502b7a?s=96&d=mm&r=g\",\"caption\":\"Jennyfu13\"},\"logo\":{\"@id\":\"https:\\\/\\\/secure.gravatar.com\\\/avatar\\\/6705d246708e0e0fcb52a939f222d5fcf33c7c73489e3de85a09464ba4502b7a?s=96&d=mm&r=g\"},\"sameAs\":[\"https:\\\/\\\/faszination-mantrailing.com\"]}]}<\/script>\n<!-- \/ Yoast SEO plugin. -->","yoast_head_json":{"title":"Was ist Mantrailing? - Faszination Mantrailing","robots":{"index":"index","follow":"follow","max-snippet":"max-snippet:-1","max-image-preview":"max-image-preview:large","max-video-preview":"max-video-preview:-1"},"canonical":"https:\/\/faszination-mantrailing.com\/?page_id=16","og_locale":"de_DE","og_type":"article","og_title":"Was ist Mantrailing? - Faszination Mantrailing","og_description":"Mantrailing kommt aus dem Amerikanischen und bedeutet so viel wie &#8222;Mensch verfolgen&#8220;. Der Hund bekommt einen Geruchsvorhalt der vermissten Person, und verfolgt deren individuelle Geruchsspur,...","og_url":"https:\/\/faszination-mantrailing.com\/?page_id=16","og_site_name":"Faszination Mantrailing","article_modified_time":"2020-10-11T19:03:05+00:00","og_image":[{"width":720,"height":960,"url":"https:\/\/faszination-mantrailing.com\/wp-content\/uploads\/2020\/10\/Romy.jpg","type":"image\/jpeg"}],"twitter_card":"summary_large_image","twitter_misc":{"Gesch\u00e4tzte Lesezeit":"1\u00a0Minute"},"schema":{"@context":"https:\/\/schema.org","@graph":[{"@type":"WebPage","@id":"https:\/\/faszination-mantrailing.com\/?page_id=16","url":"https:\/\/faszination-mantrailing.com\/?page_id=16","name":"Was ist Mantrailing? - Faszination Mantrailing","isPartOf":{"@id":"https:\/\/faszination-mantrailing.com\/#website"},"primaryImageOfPage":{"@id":"https:\/\/faszination-mantrailing.com\/?page_id=16#primaryimage"},"image":{"@id":"https:\/\/faszination-mantrailing.com\/?page_id=16#primaryimage"},"thumbnailUrl":"https:\/\/faszination-mantrailing.com\/wp-content\/uploads\/2020\/10\/Romy.jpg","datePublished":"2020-10-10T16:47:43+00:00","dateModified":"2020-10-11T19:03:05+00:00","breadcrumb":{"@id":"https:\/\/faszination-mantrailing.com\/?page_id=16#breadcrumb"},"inLanguage":"de","potentialAction":[{"@type":"ReadAction","target":["https:\/\/faszination-mantrailing.com\/?page_id=16"]}]},{"@type":"ImageObject","inLanguage":"de","@id":"https:\/\/faszination-mantrailing.com\/?page_id=16#primaryimage","url":"https:\/\/faszination-mantrailing.com\/wp-content\/uploads\/2020\/10\/Romy.jpg","contentUrl":"https:\/\/faszination-mantrailing.com\/wp-content\/uploads\/2020\/10\/Romy.jpg","width":720,"height":960},{"@type":"BreadcrumbList","@id":"https:\/\/faszination-mantrailing.com\/?page_id=16#breadcrumb","itemListElement":[{"@type":"ListItem","position":1,"name":"Startseite","item":"https:\/\/faszination-mantrailing.com\/"},{"@type":"ListItem","position":2,"name":"Was ist Mantrailing?"}]},{"@type":"WebSite","@id":"https:\/\/faszination-mantrailing.com\/#website","url":"https:\/\/faszination-mantrailing.com\/","name":"Faszination Mantrailing","description":"Geschichten aus der Welt der Supernasen","publisher":{"@id":"https:\/\/faszination-mantrailing.com\/#\/schema\/person\/9a97e0e5ab0fd030bc515f7b150e2b9c"},"potentialAction":[{"@type":"SearchAction","target":{"@type":"EntryPoint","urlTemplate":"https:\/\/faszination-mantrailing.com\/?s={search_term_string}"},"query-input":{"@type":"PropertyValueSpecification","valueRequired":true,"valueName":"search_term_string"}}],"inLanguage":"de"},{"@type":["Person","Organization"],"@id":"https:\/\/faszination-mantrailing.com\/#\/schema\/person\/9a97e0e5ab0fd030bc515f7b150e2b9c","name":"Jennyfu13","image":{"@type":"ImageObject","inLanguage":"de","@id":"https:\/\/secure.gravatar.com\/avatar\/6705d246708e0e0fcb52a939f222d5fcf33c7c73489e3de85a09464ba4502b7a?s=96&d=mm&r=g","url":"https:\/\/secure.gravatar.com\/avatar\/6705d246708e0e0fcb52a939f222d5fcf33c7c73489e3de85a09464ba4502b7a?s=96&d=mm&r=g","contentUrl":"https:\/\/secure.gravatar.com\/avatar\/6705d246708e0e0fcb52a939f222d5fcf33c7c73489e3de85a09464ba4502b7a?s=96&d=mm&r=g","caption":"Jennyfu13"},"logo":{"@id":"https:\/\/secure.gravatar.com\/avatar\/6705d246708e0e0fcb52a939f222d5fcf33c7c73489e3de85a09464ba4502b7a?s=96&d=mm&r=g"},"sameAs":["https:\/\/faszination-mantrailing.com"]}]}},"_links":{"self":[{"href":"https:\/\/faszination-mantrailing.com\/index.php?rest_route=\/wp\/v2\/pages\/16","targetHints":{"allow":["GET"]}}],"collection":[{"href":"https:\/\/faszination-mantrailing.com\/index.php?rest_route=\/wp\/v2\/pages"}],"about":[{"href":"https:\/\/faszination-mantrailing.com\/index.php?rest_route=\/wp\/v2\/types\/page"}],"author":[{"embeddable":true,"href":"https:\/\/faszination-mantrailing.com\/index.php?rest_route=\/wp\/v2\/users\/1"}],"replies":[{"embeddable":true,"href":"https:\/\/faszination-mantrailing.com\/index.php?rest_route=%2Fwp%2Fv2%2Fcomments&post=16"}],"version-history":[{"count":4,"href":"https:\/\/faszination-mantrailing.com\/index.php?rest_route=\/wp\/v2\/pages\/16\/revisions"}],"predecessor-version":[{"id":115,"href":"https:\/\/faszination-mantrailing.com\/index.php?rest_route=\/wp\/v2\/pages\/16\/revisions\/115"}],"wp:featuredmedia":[{"embeddable":true,"href":"https:\/\/faszination-mantrailing.com\/index.php?rest_route=\/wp\/v2\/media\/8"}],"wp:attachment":[{"href":"https:\/\/faszination-mantrailing.com\/index.php?rest_route=%2Fwp%2Fv2%2Fmedia&parent=16"}],"curies":[{"name":"wp","href":"https:\/\/api.w.org\/{rel}","templated":true}]}}